{"id":417,"date":"2021-11-26T09:06:34","date_gmt":"2021-11-26T08:06:34","guid":{"rendered":"http:\/\/djokic-ntk.rs\/?page_id=417"},"modified":"2025-05-27T07:42:36","modified_gmt":"2025-05-27T05:42:36","slug":"poziv-za-godisnji-sednicu-skupstine-akcionara","status":"publish","type":"page","link":"https:\/\/djokic-ntk.rs\/index.php\/poziv-za-godisnji-sednicu-skupstine-akcionara\/","title":{"rendered":"Poziv za godi\u0161nji sednicu skup\u0161tine akcionara"},"content":{"rendered":"<p><img loading=\"lazy\" decoding=\"async\" class=\"wp-image-10 size-full alignnone\" src=\"http:\/\/djokic-ntk.rs\/wp-content\/uploads\/2021\/11\/img_01.jpg\" alt=\"\" width=\"980\" height=\"430\" srcset=\"http:\/\/djokic-ntk.rs\/wp-content\/uploads\/2021\/11\/img_01.jpg 980w, http:\/\/djokic-ntk.rs\/wp-content\/uploads\/2021\/11\/img_01-480x211.jpg 480w\" sizes=\"(min-width: 0px) and (max-width: 480px) 480px, (min-width: 481px) 980px, 100vw\" \/><\/p>\n<p>&nbsp;<\/p>\n<p><a href=\"https:\/\/djokic-ntk.rs\/pdf\/28_05_skupstina.pdf\" target=\"_blank\" rel=\"noopener\">Poziv za redovnu Skup\u0161tinu &#8220;\u0110oki\u0107 NTK&#8221; AD Knja\u017eevac 28. maj 2018. <\/a> (PDF)<br \/>\n<a href=\"https:\/\/djokic-ntk.rs\/pdf\/Poziv_za_redovnu_Skupstinu_2019.pdf\" target=\"_blank\" rel=\"noopener\">Poziv za redovnu Skup\u0161tinu &#8220;\u0110oki\u0107 NTK&#8221; AD Knja\u017eevac 10. jun 2019.<\/a> (PDF)<br \/>\n<a href=\"https:\/\/djokic-ntk.rs\/pdf\/Poziv_za_redovnu_Skupstinu_2020.pdf\" target=\"_blank\" rel=\"noopener\">Poziv za redovnu Skup\u0161tinu &#8220;\u0110oki\u0107 NTK&#8221; AD Knja\u017eevac 27. jul 2020.<\/a> (PDF)<br \/>\n<a href=\"https:\/\/djokic-ntk.rs\/pdf\/Poziv_za_redovnu_Skupstinu_2021.pdf\" target=\"_blank\" rel=\"noopener\">Poziv za redovnu Skup\u0161tinu &#8220;\u0110oki\u0107 NTK&#8221; AD Knja\u017eevac 28. jun 2021.<\/a> (PDF)<br \/>\n<a href=\"https:\/\/djokic-ntk.rs\/pdf\/Poziv_za_redovnu_Skupstinu_2022.pdf\" target=\"_blank\" rel=\"noopener\">Poziv za redovnu Skup\u0161tinu &#8220;\u0110oki\u0107 NTK&#8221; AD Knja\u017eevac 28. jun 2022.<\/a> (PDF)<br \/>\n<a href=\"https:\/\/djokic-ntk.rs\/pdf\/Poziv_za_redovnu_Skupstinu_Djokic_NTK_AD_Knjazevac_28.06.2023.pdf\" target=\"_blank\" rel=\"noopener\">Poziv za redovnu Skup\u0161tinu &#8220;\u0110oki\u0107 NTK&#8221; AD Knja\u017eevac 28. jun 2023.<\/a> (PDF)<br \/>\n<a href=\"https:\/\/djokic-ntk.rs\/pdf\/Poziv_za_redovnu_Skupstinu_Djokic-NTK_AD_Knjazevac_28_06_2024.pdf\" target=\"_blank\" rel=\"noopener\">Poziv za redovnu Skup\u0161tinu &#8220;\u0110oki\u0107 NTK&#8221; AD Knja\u017eevac 28. jun 2024. <\/a> (PDF)<br \/>\n<a href=\"https:\/\/djokic-ntk.rs\/pdf\/Poziv_za_redovnu_Skupstinu_Djokic-NTK_AD_Knjazevac_27_06_2025.pdf\" target=\"_blank\" rel=\"noopener\">Poziv za redovnu Skup\u0161tinu \u201c\u0110oki\u0107 NTK\u201d AD Knja\u017eevac 27. jun 2025. <\/a> (PDF)<\/p>\n<p><a href=\"https:\/\/djokic-ntk.rs\/pdf\/Odluka o izboru Predsednika Skup\u0161tine 28.06.2018 br.1.pdf\" target=\"_blank\" rel=\"noopener\">Odluka o izboru Predsednika Skup\u0161tine 28.06.2018. br.1<\/a> (PDF)<br \/>\n<a href=\"https:\/\/djokic-ntk.rs\/pdf\/Odluka o usv. godi\u0161njeg izve\u0161taja 28.06.2018 br.2.pdf\" target=\"_blank\" rel=\"noopener\">Odluka o usvajanju godi\u0161njeg izve\u0161taja 28.06.2018. br.2<\/a> (PDF)<br \/>\n<a href=\"https:\/\/djokic-ntk.rs\/pdf\/Odluka o raspodeli dobiti 28.06.2018. br.3.pdf\" target=\"_blank\" rel=\"noopener\">Odluka o raspodeli dobiti 28.06.2018. br.3<\/a> (PDF)<br \/>\n<a href=\"https:\/\/djokic-ntk.rs\/pdf\/Odluka o izv.Nadz.odbora 28.06.2018 br. 4.pdf\" target=\"_blank\" rel=\"noopener\">Odluka o izve\u0161taju Nadzornog odbora 28.06.2018. br.4<\/a> (PDF)<br \/>\n<a href=\"https:\/\/djokic-ntk.rs\/pdf\/Odluka o odobrenju odluka Izvr\u0161nog odb. 28.06.2018 br.5.pdf\" target=\"_blank\" rel=\"noopener\">Odluka o odobrenju odluka Izvr\u0161nog odb. 28.06.2018. br.5<\/a> (PDF)<br \/>\n<a href=\"https:\/\/djokic-ntk.rs\/pdf\/Odluka i Zapisnik IO 24.09.2017.revizori br.17.pdf\" target=\"_blank\" rel=\"noopener\">Odluka i Zapisnik IO 24.09.2017.revizori br.17<\/a> (PDF)<br \/>\n<a href=\"https:\/\/djokic-ntk.rs\/pdf\/Odluka o obraz.komis.za popis 20.11.2017.br.18.pdf\" target=\"_blank\" rel=\"noopener\">Odluka o obrazovanju komisije za popis 20.11.2017. br.18<\/a> (PDF)<br \/>\n<a href=\"https:\/\/djokic-ntk.rs\/pdf\/ODLUKA IO 17.01.2018. br.19 usvojeni popisi.pdf\" target=\"_blank\" rel=\"noopener\">Odluka IO 17.01.2018. br.19 usvojeni popisi<\/a> (PDF)<br \/>\n<a href=\"https:\/\/djokic-ntk.rs\/pdf\/Odluka IO 14.02.2018.g odobravanje br.20 FI za 2018.pdf\" target=\"_blank\" rel=\"noopener\">Odluka IO 14.02.2018 odobravanje br.20 FI za 2018.<\/a> (PDF)<br \/>\n<a href=\"https:\/\/djokic-ntk.rs\/pdf\/FORMULAR ZA GLASANJE AKCIONARA U ODSUSTVU 2018.pdf\" target=\"_blank\" rel=\"noopener\">FORMULAR ZA GLASANJE AKCIONARA U ODSUSTVU 2018.<\/a> (PDF)<br \/>\n<a href=\"https:\/\/djokic-ntk.rs\/pdf\/PUNOMO\u0106JE ZA SKUP\u0160TIN 28.06.2018..pdf\" target=\"_blank\" rel=\"noopener\">PUNOMO\u0106JE ZA SKUP\u0160TINU 28.06.2018.<\/a> (PDF)<\/p>\n<p>&nbsp;<\/p>\n<p class=\"tekstdjokic\"><a href=\"https:\/\/djokic-ntk.rs\/pdf\/Poziv1.pdf\" target=\"_blank\" rel=\"noopener\">Poziv za redovnu Skup\u0161tinu &#8220;\u0110oki\u0107 NTK&#8221; AD Knja\u017eevac br.1<\/a> (PDF)<br \/>\n<a href=\"https:\/\/djokic-ntk.rs\/pdf\/Poziv2.pdf\">Poziv za redovnu Skup\u0161tinu &#8220;\u0110oki\u0107 NTK&#8221; AD Knja\u017eevac br.2<\/a> (PDF) <a href=\"https:\/\/djokic-ntk.rs\/pdf\/Izvestaj_o_bitnom_skupu_Akcionari_2013.pdf\" target=\"_blank\" rel=\"noopener\"><br \/>\nIzve\u0161taj o bitnom skupu &#8211; Saziv 2013.<\/a> (PDF)<br \/>\n<a href=\"https:\/\/djokic-ntk.rs\/pdf\/Izvestaj_o_bitnom_skupu_Akcionari_2014.pdf\" target=\"_blank\" rel=\"noopener\">Izve\u0161taj o bitnom skupu &#8211; Saziv 2014.<\/a> (PDF)<br \/>\n<a href=\"https:\/\/djokic-ntk.rs\/pdf\/Izvestaj_o_bitnom_skupu_Akcionari_2015.pdf\" target=\"_blank\" rel=\"noopener\">Izve\u0161taj o bitnom skupu &#8211; Saziv 2015.<\/a> (PDF)<br \/>\n<a href=\"https:\/\/djokic-ntk.rs\/pdf\/Formular_za_glasanje_akcionara_odsustvu.pdf\" target=\"_blank\" rel=\"noopener\">Formular za glasanje akcionara odsustvu<\/a> (PDF)<br \/>\n<a href=\"https:\/\/djokic-ntk.rs\/pdf\/Punomocje_za_skupstinu_28.06.2016.pdf\" target=\"_blank\" rel=\"noopener\">Punomo\u0107je za Skup\u0161tinu 28.06.2016.<\/a> (PDF)<br \/>\n<a href=\"https:\/\/djokic-ntk.rs\/pdf\/Odluka_o_izboru_Predsednika_Skupstine_28.06.2016_br_1.pdf\" target=\"_blank\" rel=\"noopener\">Odluka o izboru predsednika Skup\u0161tine 28.06.2016. br.1<\/a> (PDF)<br \/>\n<a href=\"https:\/\/djokic-ntk.rs\/pdf\/Odluka_o_usv_godisnjeg_izvestaja_28.06.2016_br_2.pdf\" target=\"_blank\" rel=\"noopener\">Odluka o usvajanju godi\u0161njeg izve\u0161taja 28.06.2016. br.2<\/a> (PDF)<br \/>\n<a href=\"https:\/\/djokic-ntk.rs\/pdf\/Odluka_o_pokricu_gubitka_28.06.2016_br_3.pdf\" target=\"_blank\" rel=\"noopener\">Odluka o pokri\u0107u gubitka 28.06.2016. br.3<\/a> (PDF)<br \/>\n<a href=\"https:\/\/djokic-ntk.rs\/pdf\/Odluka_o_izv_Nadz_odbora_28.06.2016_br_4.pdf\" target=\"_blank\" rel=\"noopener\">Odluka o izve\u0161taju o radu Nadzornog odbora 28.06.2016. br.4<\/a> (PDF)<br \/>\n<a href=\"https:\/\/djokic-ntk.rs\/pdf\/Izvestaj_o_radu_Nadzornog_odbora_za_2016.pdf\" target=\"_blank\" rel=\"noopener\">Izvestaj o radu Nadzornog odbora za 2016.<\/a> (PDF)<br \/>\n<a href=\"https:\/\/djokic-ntk.rs\/pdf\/Odluka o odobrenju odluka IO 28.06.2016. br.5.pdf\" target=\"_blank\" rel=\"noopener\">Odluka o odobrenju odluka IO 28.06.2016 br.5<\/a> (PDF)<br \/>\n<a href=\"https:\/\/djokic-ntk.rs\/pdf\/Odluka_IO_01.09.2015_ugovor_za_reviziju_FI_2015.pdf\">Odluka IO 01.09.2015. Ugovor za reviziju FI 2015.<\/a> (PDF)<br \/>\n<a href=\"https:\/\/djokic-ntk.rs\/pdf\/Odluka_IO_07.12.2015_o_obrazovanju_komisije_za_popis.pdf\">Odluka IO 07.12.2015. o obrazovanju komisije za popis<\/a> (PDF)<br \/>\n<a href=\"https:\/\/djokic-ntk.rs\/pdf\/Odluka_IO_12.01.2016_usvojeni_popisi.pdf\"> Odluka IO 12.01.2016. usvojeni popisi<\/a> (PDF)<br \/>\n<a href=\"https:\/\/djokic-ntk.rs\/pdf\/Odluka_IO_16.02.2016_odobravanje_FI_za_2015.pdf\" target=\"_blank\" rel=\"noopener\">Odluka IO 16.02.2016. odobravanje FI za 2015.<\/a> (PDF)<\/p>\n<p>&nbsp;<\/p>\n<p class=\"tekstdjokic\"><a href=\"https:\/\/djokic-ntk.rs\/pdf\/izvestaj_o_bitnom_dogadjaju_2017.pdf\" target=\"_blank\" rel=\"noopener\">IZVE\u0160TAJ O BITNOM DOGA\u0110AJU (odr\u017eanoj redovnoj skup\u0161tini akcionara)<\/a> (PDF)<br \/>\n<a href=\"https:\/\/djokic-ntk.rs\/pdf\/odluka_o_izboru_predsednika_2017.pdf\" target=\"_blank\" rel=\"noopener\">ODLUKA o izboru Predsednika Skup\u0161tine<\/a> (PDF)<br \/>\n<a href=\"https:\/\/djokic-ntk.rs\/pdf\/odluka_o_usvajanju_fin_izv_31122016.pdf\" target=\"_blank\" rel=\"noopener\">ODLUKA o usvajanju godi\u0161njeg finansijskog izve\u0161taja na dan 31.12.2016.<\/a> (PDF)<br \/>\n<a href=\"https:\/\/djokic-ntk.rs\/pdf\/odluka_o_pokri\u0107u_gubitka.pdf\" target=\"_blank\" rel=\"noopener\">ODLUKA o pokri\u0107u gubitka iz ranijih godina<\/a> (PDF)<br \/>\n<a href=\"https:\/\/djokic-ntk.rs\/pdf\/odluka_o_usvajanju_izvestaja_NO_2017.pdf\" target=\"_blank\" rel=\"noopener\">ODLUKA o usvajanju izve\u0161taja Nadzornog odbora<\/a> (PDF)<br \/>\n<a href=\"https:\/\/djokic-ntk.rs\/pdf\/izvestaj_o_radu_NO_2017.pdf\" target=\"_blank\" rel=\"noopener\">IZVE\u0160TAJ O RADU NADZORNOG ODBORA U 2017.<\/a> (PDF)<br \/>\n<a href=\"https:\/\/djokic-ntk.rs\/pdf\/odluka_o_odobrenju_odluka_IO.pdf\" target=\"_blank\" rel=\"noopener\">ODLUKA o odobrenju odluka Izvr\u0161nog odbora<\/a> (PDF)<br \/>\n<a href=\"https:\/\/djokic-ntk.rs\/pdf\/odluka_o_usvajanju_KKU.pdf\" target=\"_blank\" rel=\"noopener\">ODLUKA o usvajanju Kodeksa korporativnog upravljanja AD &#8220;\u0110oki\u0107-NTK&#8221;<\/a> (PDF)<br \/>\n<a href=\"https:\/\/djokic-ntk.rs\/pdf\/zapisnik_2017.pdf\" target=\"_blank\" rel=\"noopener\">ZAPISNIK sa sednice Skup\u0161tine akcionara Akcionarskog dru\u0161tva &#8220;\u0110oki\u0107-NTK&#8221;<\/a> (PDF)<\/p>\n","protected":false},"excerpt":{"rendered":"<p>&nbsp; Poziv za redovnu Skup\u0161tinu &#8220;\u0110oki\u0107 NTK&#8221; AD Knja\u017eevac 28. maj 2018. (PDF) Poziv za redovnu Skup\u0161tinu &#8220;\u0110oki\u0107 NTK&#8221; AD Knja\u017eevac 10. jun 2019. (PDF) Poziv za redovnu Skup\u0161tinu &#8220;\u0110oki\u0107 NTK&#8221; AD Knja\u017eevac 27. jul 2020. (PDF) Poziv za redovnu Skup\u0161tinu &#8220;\u0110oki\u0107 NTK&#8221; AD Knja\u017eevac 28. jun 2021. (PDF) Poziv za redovnu Skup\u0161tinu &#8220;\u0110oki\u0107 NTK&#8221; [&hellip;]<\/p>\n","protected":false},"author":1,"featured_media":0,"parent":0,"menu_order":0,"comment_status":"closed","ping_status":"closed","template":"","meta":{"_et_pb_use_builder":"off","_et_pb_old_content":"","_et_gb_content_width":"","footnotes":""},"class_list":["post-417","page","type-page","status-publish","hentry"],"_links":{"self":[{"href":"https:\/\/djokic-ntk.rs\/index.php\/wp-json\/wp\/v2\/pages\/417","targetHints":{"allow":["GET"]}}],"collection":[{"href":"https:\/\/djokic-ntk.rs\/index.php\/wp-json\/wp\/v2\/pages"}],"about":[{"href":"https:\/\/djokic-ntk.rs\/index.php\/wp-json\/wp\/v2\/types\/page"}],"author":[{"embeddable":true,"href":"https:\/\/djokic-ntk.rs\/index.php\/wp-json\/wp\/v2\/users\/1"}],"replies":[{"embeddable":true,"href":"https:\/\/djokic-ntk.rs\/index.php\/wp-json\/wp\/v2\/comments?post=417"}],"version-history":[{"count":30,"href":"https:\/\/djokic-ntk.rs\/index.php\/wp-json\/wp\/v2\/pages\/417\/revisions"}],"predecessor-version":[{"id":727,"href":"https:\/\/djokic-ntk.rs\/index.php\/wp-json\/wp\/v2\/pages\/417\/revisions\/727"}],"wp:attachment":[{"href":"https:\/\/djokic-ntk.rs\/index.php\/wp-json\/wp\/v2\/media?parent=417"}],"curies":[{"name":"wp","href":"https:\/\/api.w.org\/{rel}","templated":true}]}}