{"id":419,"date":"2021-11-26T09:07:38","date_gmt":"2021-11-26T08:07:38","guid":{"rendered":"http:\/\/djokic-ntk.rs\/?page_id=419"},"modified":"2026-04-29T19:37:56","modified_gmt":"2026-04-29T17:37:56","slug":"izvestaj-o-bitnom-dogadjaju","status":"publish","type":"page","link":"https:\/\/djokic-ntk.rs\/index.php\/izvestaj-o-bitnom-dogadjaju\/","title":{"rendered":"Izve\u0161taj o bitnom doga\u0111aju"},"content":{"rendered":"<p>[et_pb_section admin_label=&#8221;section&#8221;]<br \/>\n\t\t\t[et_pb_row admin_label=&#8221;row&#8221;]<br \/>\n\t\t\t\t[et_pb_column type=&#8221;4_4&#8243;][et_pb_text admin_label=&#8221;Text&#8221;]<img loading=\"lazy\" decoding=\"async\" class=\"size-full wp-image-10 alignnone\" src=\"http:\/\/djokic-ntk.rs\/wp-content\/uploads\/2021\/11\/img_01.jpg\" alt=\"\" width=\"980\" height=\"430\" srcset=\"http:\/\/djokic-ntk.rs\/wp-content\/uploads\/2021\/11\/img_01.jpg 980w, http:\/\/djokic-ntk.rs\/wp-content\/uploads\/2021\/11\/img_01-480x211.jpg 480w\" sizes=\"(min-width: 0px) and (max-width: 480px) 480px, (min-width: 481px) 980px, 100vw\" \/><\/p>\n<p>&nbsp;<\/p>\n<p class=\"tekstdjokic\"><a href=\"https:\/\/djokic-ntk.rs\/pdf\/Izvestaj_o_bitnom_dogadjaju_2018.pdf\" target=\"_blank\" rel=\"noopener\">Izve\u0161taj sa sednice skup\u0161tine akcionara za 2018.<\/a> (PDF)<\/p>\n<p class=\"tekstdjokic\"><a href=\"https:\/\/djokic-ntk.rs\/pdf\/izvestaj_o_bitnom_dogadjaju_jun_2019.pdf\" target=\"_blank\" rel=\"noopener\">Izve\u0161taj sa sednice skup\u0161tine akcionara za 2019.<\/a> (PDF)<\/p>\n<p class=\"tekstdjokic\"><a href=\"https:\/\/djokic-ntk.rs\/pdf\/izvestaj_sa_sednice_skupstine_akcionara_za_2020_godinu.pdf\" target=\"_blank\" rel=\"noopener\">Izve\u0161taj sa sednice skup\u0161tine akcionara za 2020.<\/a> (PDF)<\/p>\n<p class=\"tekstdjokic\"><a href=\"https:\/\/djokic-ntk.rs\/pdf\/izvestaj_sa_sednice_skupstine_akcionara_za_2021_godinu.pdf\" target=\"_blank\" rel=\"noopener\">Izve\u0161taj sa sednice skup\u0161tine akcionara za 2021.<\/a> (PDF)<\/p>\n<p class=\"tekstdjokic\"><a href=\"https:\/\/djokic-ntk.rs\/pdf\/izvestaj_sa_sednice_skupstine_akcionara_za_2022_godinu.pdf\" target=\"_blank\" rel=\"noopener\">Izve\u0161taj sa sednice skup\u0161tine akcionara za 2022.<\/a> (PDF)<\/p>\n<p class=\"tekstdjokic\"><a href=\"https:\/\/djokic-ntk.rs\/pdf\/izvestaj_sa_sednice_skupstine_akcionara_za_2023_godinu.pdf\" target=\"_blank\" rel=\"noopener\">Izve\u0161taj sa sednice skup\u0161tine akcionara za 2023.<\/a> (PDF)<\/p>\n<p class=\"tekstdjokic\"><a href=\"https:\/\/djokic-ntk.rs\/pdf\/izvestaj_sa_sednice_skupstine_akcionara_za_2024_godinu.pdf\" target=\"_blank\" rel=\"noopener\">Izve\u0161taj sa sednice skup\u0161tine akcionara za 2024.<\/a> (PDF)<\/p>\n<p class=\"tekstdjokic\"><a href=\"https:\/\/djokic-ntk.rs\/pdf\/izvestaj_sa_sednice_skupstine_akcionara_za_2025_godinu.pdf\" target=\"_blank\" rel=\"noopener\">Izve\u0161taj sa sednice skup\u0161tine akcionara za 2025.<\/a> (PDF)<\/p>\n<p>&nbsp;&nbsp;&nbsp;&nbsp;[\/et_pb_text][\/et_pb_column]<br \/>\n\t\t\t[\/et_pb_row]<br \/>\n\t\t[\/et_pb_section]<\/p>\n","protected":false},"excerpt":{"rendered":"<p>&nbsp; Izve\u0161taj sa sednice skup\u0161tine akcionara za 2018. (PDF) Izve\u0161taj sa sednice skup\u0161tine akcionara za 2019. (PDF) Izve\u0161taj sa sednice skup\u0161tine akcionara za 2020. (PDF) Izve\u0161taj sa sednice skup\u0161tine akcionara za 2021. (PDF) Izve\u0161taj sa sednice skup\u0161tine akcionara za 2022. (PDF) Izve\u0161taj sa sednice skup\u0161tine akcionara za 2023. (PDF) Izve\u0161taj sa sednice skup\u0161tine akcionara za [&hellip;]<\/p>\n","protected":false},"author":1,"featured_media":0,"parent":0,"menu_order":0,"comment_status":"closed","ping_status":"closed","template":"","meta":{"_et_pb_use_builder":"on","_et_pb_old_content":"<img class=\"size-full wp-image-10 alignnone\" src=\"http:\/\/djokic-ntk.rs\/wp-content\/uploads\/2021\/11\/img_01.jpg\" alt=\"\" width=\"980\" height=\"430\" \/>\r\n\r\n&nbsp;\r\n\r\n<p class=\"tekstdjokic\"><a href=\"https:\/\/djokic-ntk.rs\/pdf\/Izvestaj_o_bitnom_dogadjaju_2018.pdf\" target=\"_blank\" rel=\"noopener\">Izve\u0161taj sa sednice skup\u0161tine akcionara za 2018.<\/a> (PDF)<\/p>\r\n<p class=\"tekstdjokic\"><a href=\"https:\/\/djokic-ntk.rs\/pdf\/izvestaj_o_bitnom_dogadjaju_jun_2019.pdf\" target=\"_blank\" rel=\"noopener\">Izve\u0161taj sa sednice skup\u0161tine akcionara za 2019.<\/a> (PDF)<\/p>\r\n<p class=\"tekstdjokic\"><a href=\"https:\/\/djokic-ntk.rs\/pdf\/izvestaj_sa_sednice_skupstine_akcionara_za_2020_godinu.pdf\" target=\"_blank\" rel=\"noopener\">Izve\u0161taj sa sednice skup\u0161tine akcionara za 2020.<\/a> (PDF)<\/p>\r\n<p class=\"tekstdjokic\"><a href=\"https:\/\/djokic-ntk.rs\/pdf\/izvestaj_sa_sednice_skupstine_akcionara_za_2021_godinu.pdf\" target=\"_blank\" rel=\"noopener\">Izve\u0161taj sa sednice skup\u0161tine akcionara za 2021.<\/a> (PDF)<\/p>\r\n<p class=\"tekstdjokic\"><a href=\"https:\/\/djokic-ntk.rs\/pdf\/izvestaj_sa_sednice_skupstine_akcionara_za_2022_godinu.pdf\" target=\"_blank\" rel=\"noopener\">Izve\u0161taj sa sednice skup\u0161tine akcionara za 2022.<\/a> (PDF)<\/p>\r\n<p class=\"tekstdjokic\"><a href=\"https:\/\/djokic-ntk.rs\/pdf\/izvestaj_sa_sednice_skupstine_akcionara_za_2023_godinu.pdf\" target=\"_blank\" rel=\"noopener\">Izve\u0161taj sa sednice skup\u0161tine akcionara za 2023.<\/a> (PDF)<\/p>\r\n<p class=\"tekstdjokic\"><a href=\"https:\/\/djokic-ntk.rs\/pdf\/izvestaj_sa_sednice_skupstine_akcionara_za_2024_godinu.pdf\" target=\"_blank\" rel=\"noopener\">Izve\u0161taj sa sednice skup\u0161tine akcionara za 2024.<\/a> (PDF)<\/p>\r\n<p class=\"tekstdjokic\"><a href=\"https:\/\/djokic-ntk.rs\/pdf\/izvestaj_sa_sednice_skupstine_akcionara_za_2025_godinu.pdf\" target=\"_blank\" rel=\"noopener\">Izve\u0161taj sa sednice skup\u0161tine akcionara za 2025.<\/a> (PDF)<\/p>\r\n&nbsp;&nbsp;&nbsp;&nbsp;","_et_gb_content_width":"","footnotes":""},"class_list":["post-419","page","type-page","status-publish","hentry"],"_links":{"self":[{"href":"https:\/\/djokic-ntk.rs\/index.php\/wp-json\/wp\/v2\/pages\/419","targetHints":{"allow":["GET"]}}],"collection":[{"href":"https:\/\/djokic-ntk.rs\/index.php\/wp-json\/wp\/v2\/pages"}],"about":[{"href":"https:\/\/djokic-ntk.rs\/index.php\/wp-json\/wp\/v2\/types\/page"}],"author":[{"embeddable":true,"href":"https:\/\/djokic-ntk.rs\/index.php\/wp-json\/wp\/v2\/users\/1"}],"replies":[{"embeddable":true,"href":"https:\/\/djokic-ntk.rs\/index.php\/wp-json\/wp\/v2\/comments?post=419"}],"version-history":[{"count":10,"href":"https:\/\/djokic-ntk.rs\/index.php\/wp-json\/wp\/v2\/pages\/419\/revisions"}],"predecessor-version":[{"id":775,"href":"https:\/\/djokic-ntk.rs\/index.php\/wp-json\/wp\/v2\/pages\/419\/revisions\/775"}],"wp:attachment":[{"href":"https:\/\/djokic-ntk.rs\/index.php\/wp-json\/wp\/v2\/media?parent=419"}],"curies":[{"name":"wp","href":"https:\/\/api.w.org\/{rel}","templated":true}]}}