{"id":476,"date":"2021-11-26T10:02:52","date_gmt":"2021-11-26T09:02:52","guid":{"rendered":"http:\/\/djokic-ntk.rs\/?page_id=476"},"modified":"2025-09-15T13:34:05","modified_gmt":"2025-09-15T11:34:05","slug":"izvestaji","status":"publish","type":"page","link":"https:\/\/djokic-ntk.rs\/index.php\/izvestaji\/","title":{"rendered":"Godi\u0161nji dokument o objavljenim informacijama"},"content":{"rendered":"<h1><span style=\"color: #000000;\">Godi\u0161nji izve\u0161taji &#8220;\u0110oki\u0107-NTK&#8221; AD<\/span><\/h1>\n<p>&nbsp;<\/p>\n<p><img loading=\"lazy\" decoding=\"async\" class=\"size-full wp-image-10 alignnone\" src=\"https:\/\/djokic-ntk.rs\/wp-content\/uploads\/2021\/11\/img_01.jpg\" alt=\"\" width=\"980\" height=\"430\" srcset=\"https:\/\/djokic-ntk.rs\/wp-content\/uploads\/2021\/11\/img_01.jpg 980w, https:\/\/djokic-ntk.rs\/wp-content\/uploads\/2021\/11\/img_01-480x211.jpg 480w\" sizes=\"(min-width: 0px) and (max-width: 480px) 480px, (min-width: 481px) 980px, 100vw\" \/><\/p>\n<p>&nbsp;<\/p>\n<p><span style=\"color: #000000;\">Godi\u0161nji dokument o objavljenim informacijama<\/span><\/p>\n<p>&nbsp;<\/p>\n<p><span style=\"color: #000000;\"><a style=\"color: #000000;\" href=\"https:\/\/djokic-ntk.rs\/pdf\/godisnji_dokument_2016_ntk_djokic.pdf\">1. GODI\u0160NJI DOKUMENT O OBJAVLJENIM INFORMACIJAMA ZA 2016. (2.5 MB)<\/a><\/span><br \/>\n<span style=\"color: #000000;\"><a style=\"color: #000000;\" href=\"https:\/\/djokic-ntk.rs\/pdf\/godisnji_dokument_2017_ntk_djokic.pdf\">2. GODI\u0160NJI DOKUMENT O OBJAVLJENIM INFORMACIJAMA ZA 2017. (500 KB)<\/a><\/span><br \/>\n<span style=\"color: #000000;\"><a style=\"color: #000000;\" href=\"https:\/\/djokic-ntk.rs\/pdf\/godisnji_dokument_2018_ntk_djokic.pdf\">3. GODI\u0160NJI DOKUMENT O OBJAVLJENIM INFORMACIJAMA ZA 2018. (870 KB)<\/a><\/span><br \/>\n<span style=\"color: #000000;\"><a style=\"color: #000000;\" href=\"https:\/\/djokic-ntk.rs\/pdf\/godisnji_dokument_2019_ntk_djokic.pdf\">4. GODI\u0160NJI DOKUMENT O OBJAVLJENIM INFORMACIJAMA ZA 2019. (3 MB)<\/a><\/span><br \/>\n<span style=\"color: #000000;\"><a style=\"color: #000000;\" href=\"https:\/\/djokic-ntk.rs\/pdf\/godisnji_dokument_2020_ntk_djokic.pdf\">5. GODI\u0160NJI DOKUMENT O OBJAVLJENIM INFORMACIJAMA ZA 2020. (80 KB)<\/a><\/span><br \/>\n<span style=\"color: #000000;\"><a style=\"color: #000000;\" href=\"https:\/\/djokic-ntk.rs\/pdf\/godisnji_dokument_2021_ntk_djokic.pdf\">6. GODI\u0160NJI DOKUMENT O OBJAVLJENIM INFORMACIJAMA ZA 2021. (130 KB)<\/a><\/span><br \/>\n<span style=\"color: #000000;\"><a style=\"color: #000000;\" href=\"https:\/\/djokic-ntk.rs\/pdf\/godisnji_dokument_2022_ntk_djokic.pdf\">7. GODI\u0160NJI DOKUMENT O OBJAVLJENIM INFORMACIJAMA ZA 2022. (32 KB)<\/a><\/span><br \/>\n<span style=\"color: #000000;\"><a style=\"color: #000000;\" href=\"https:\/\/djokic-ntk.rs\/pdf\/godisnji_dokument_2023_ntk_djokic.pdf\">8. GODI\u0160NJI DOKUMENT O OBJAVLJENIM INFORMACIJAMA ZA 2023. (1 MB)<\/a><\/span><br \/>\n<span style=\"color: #000000;\"><a style=\"color: #000000;\" href=\"https:\/\/djokic-ntk.rs\/pdf\/godisnji_dokument_2024_ntk_djokic.pdf\">9. GODI\u0160NJI DOKUMENT O OBJAVLJENIM INFORMACIJAMA ZA 2024. (1 MB)<\/a><\/span><\/p>\n<p>&nbsp;<\/p>\n<p><span style=\"color: #000000;\">U skladu sa clanom 363. Zakona o privrednim dru\u0161tvima du\u017eni smo da na internet strani Dru\u0161tva objavimo:<\/span><\/p>\n<p>&nbsp;<\/p>\n<p><span style=\"color: #000000;\"><a style=\"color: #000000;\" href=\"http:\/\/www.djokic-ntk.rs\/pdf\/Poziv_NTK.pdf\">1. POZIV NA REDOVNU SKUP\u0160TINU &#8220;\u0110OKI\u0106-NTK&#8221;, AD KNJA\u017dEVAC (120 KB)<\/a><\/span><br \/>\n<span style=\"color: #000000;\"><a style=\"color: #000000;\" href=\"http:\/\/www.djokic-ntk.rs\/pdf\/ZAPISNIK_IO_OD_17_01_2017_propisi.pdf\">2. ZAPISNIK SA SEDNICE IZVR\u0160NOG ODBORA &#8220;\u0110OKI\u0106-NTK&#8221;, AD KNJA\u017dEVAC ODR\u017dANE 17.01.2017. (70 KB)<\/a><\/span><br \/>\n<span style=\"color: #000000;\"><a style=\"color: #000000;\" href=\"http:\/\/www.djokic-ntk.rs\/pdf\/Odluka_IO_13_02_2017_odobravanje_br_16_FI_za_2016.pdf\">3. IZVR\u0160NI ODBOR DRU\u0160TVA DONEO JE ODLUKU O ODOBRAVANJU FINANSIJSKIH IZVE\u0160TAJA (35 KB)<\/a><\/span><br \/>\n<span style=\"color: #000000;\"><a style=\"color: #000000;\" href=\"http:\/\/www.djokic-ntk.rs\/pdf\/Odluka_i_Zapisnik_IO_29_09_2016_revizori_br_13.pdf\">4. ZAPISNIK SA SEDNICE IZVR\u0160NOG ODBORA &#8220;\u0110OKI\u0106-NTK&#8221;, AD KNJA\u017dEVAC ODR\u017dANE 29.09.2016. (40 KB)<\/a><\/span><br \/>\n<span style=\"color: #000000;\"><a style=\"color: #000000;\" href=\"http:\/\/www.djokic-ntk.rs\/pdf\/Odluka_o_usv_Kodeksa_29_06_2017_br_6.pdf\">5. ODLUKA O USVAJANJU KODEKSA KORPORATIVNOG UPRAVLJANJA AD &#8220;\u0110OKI\u0106-NTK&#8221; (50 KB)<\/a><\/span><br \/>\n<span style=\"color: #000000;\"><a style=\"color: #000000;\" href=\"http:\/\/www.djokic-ntk.rs\/pdf\/Odluka_o_odobrenju_odluka_Izvrsnog_odb_29_06_2017_br_5.pdf\">6. ODLUKA O ODOBRENJU ODLUKA IZVR\u0160NOG ODBORA (50 KB)<\/a><\/span><br \/>\n<span style=\"color: #000000;\"><a style=\"color: #000000;\" href=\"http:\/\/www.djokic-ntk.rs\/pdf\/Odluka_o_izv_Nadz_odbora_29_06_2017_br_4.pdf\">7. ODLUKA O USVAJANJU IZVE\u0160TAJA NADZORNOG ODBORA (50 KB)<\/a><\/span><br \/>\n<span style=\"color: #000000;\"><a style=\"color: #000000;\" href=\"http:\/\/www.djokic-ntk.rs\/pdf\/Odluka_o_pokricu_gubitka_29_06_2017_br_3.pdf\">8. ODLUKA O POKRI\u0106U GUBITKA IZ RANIJIH GODINA (53 KB)<\/a><\/span><br \/>\n<span style=\"color: #000000;\"><a style=\"color: #000000;\" href=\"http:\/\/www.djokic-ntk.rs\/pdf\/Odluka_o_usv_godisnjeg_izvestaja_29_06_2017_br_2.pdf\">9. ODLUKA O USVAJANJU GODI\u0160NJEG FINANSIJSKOG IZVE\u0160TAJA NA DAN 31.12.2016. (55 KB)<\/a><\/span><br \/>\n<span style=\"color: #000000;\"><a style=\"color: #000000;\" href=\"http:\/\/www.djokic-ntk.rs\/pdf\/Odluka_o_izboru_Predsednika_Skupstine_29_06_2017_br_1.pdf\">10. ODLUKA O IZBORU PREDSEDNIKA SKUP\u0160TINE (56 KB)<\/a><\/span><br \/>\n<span style=\"color: #000000;\"><a style=\"color: #000000;\" href=\"http:\/\/www.djokic-ntk.rs\/pdf\/PUNOMOCJE_ZA_SKUPSTINU_29_06_2017..pdf\">11. PUNOMO\u0106JE ZA GLASANJE NA REDOVNOJ SEDNICI SKUP\u0160TINE AKCIONARA AD &#8220;\u0110OKI\u0106-NTK&#8221; (70 KB)<\/a><\/span><br \/>\n<span style=\"color: #000000;\"><a style=\"color: #000000;\" href=\"http:\/\/www.djokic-ntk.rs\/pdf\/FORMULAR_ZA_GLASANJE_AKCIONARA_U_ODSUSTVU_2017.pdf\">12. FORMULAR ZA GLASANJE AKCIONARA U ODSUSTVU (44 KB)<\/a><\/span><br \/>\n<span style=\"color: #000000;\"><a style=\"color: #000000;\" href=\"http:\/\/www.djokic-ntk.rs\/pdf\/ODLUKA_IO_17.01.2017_br_15_usvojeni_popisi.pdf\">13. ODLUKA IZVR\u0160ENIH POPISA IMOVINE I OBAVEZA &#8220;\u0110OKI\u0106-NTK&#8221; (40 KB)<\/a><\/span><br \/>\n<span style=\"color: #000000;\"><a style=\"color: #000000;\" href=\"http:\/\/www.djokic-ntk.rs\/pdf\/zapisnik_sa_odrzane_sednice.pdf\">14. ZAPISNIK SA SEDNICE SKUP\u0160TINE AKCIONARA AKCIONARSKOG DRU\u0160TVA &#8220;\u0110OKI\u0106-NTK&#8221; (135 KB)<\/a><\/span><\/p>\n<p>&nbsp;<\/p>\n<p><span style=\"color: #000000;\"><strong>U skladu sa clanom 50. i 51. Zakona o trzi\u0161tu kapitala (&#8220;Sluzbeni glasnik RS&#8221; broj 31\/2011) i clanom 3. Pravilnika o sadrzini, formi i nacinu objavljivanja godi\u0161njih, polugodi\u0161njih i kvartalnih izve\u0161taja javnih dru\u0161tava (&#8220;Sluzbeni glasnik RS&#8221; broj 14\/2012), &#8220;Dokic-NTK&#8221; AD Knjazevac, MB: 07255292 objavljuje:<\/strong><\/span><\/p>\n<p>&nbsp;<\/p>\n<h4><span style=\"color: #000000;\">S A D R \u017d A J<\/span><\/h4>\n<p>&nbsp;<\/p>\n<p><span style=\"color: #000000;\"><a style=\"color: #000000;\" href=\"http:\/\/www.djokic-ntk.rs\/pdf\/izvestaj-revizora.pdf\">1. IZVE\u0160TAJ REVIZORA (730 KB)<\/a><\/span><br \/>\n<span style=\"color: #000000;\"><a style=\"color: #000000;\" href=\"http:\/\/www.djokic-ntk.rs\/pdf\/godisnji-izvestaj-2012.pdf\">2. GODI\u0160NJI IZVE\u0160TAJ ZA 2012. GODINU (1.2 MB)<\/a><\/span><br \/>\n<span style=\"color: #000000;\"><a style=\"color: #000000;\" href=\"http:\/\/www.djokic-ntk.rs\/pdf\/godisnji-izvestaj-2013.pdf\">3. GODI\u0160NJI IZVE\u0160TAJ ZA 2013. GODINU (5.2 MB)<\/a><\/span><br \/>\n<span style=\"color: #000000;\"><a style=\"color: #000000;\" href=\"http:\/\/www.djokic-ntk.rs\/pdf\/godisnji-izvestaj-2014.pdf\">4. GODI\u0160NJI IZVE\u0160TAJ ZA 2014. GODINU (3.2 MB)<\/a><\/span><br \/>\n<span style=\"color: #000000;\"><a style=\"color: #000000;\" href=\"http:\/\/www.djokic-ntk.rs\/pdf\/godisnji-izvestaj-2015.pdf\">5. GODI\u0160NJI IZVE\u0160TAJ ZA 2015. GODINU (24 MB)<\/a><\/span><br \/>\n<span style=\"color: #000000;\"><a style=\"color: #000000;\" href=\"http:\/\/www.djokic-ntk.rs\/pdf\/godisnji-izvestaj-2016.pdf\">6. GODI\u0160NJI IZVE\u0160TAJ ZA 2016. GODINU (11 MB)<\/a><\/span><br \/>\n<span style=\"color: #000000;\"><a style=\"color: #000000;\" href=\"http:\/\/www.djokic-ntk.rs\/pdf\/godisnji-izvestaj-2017.pdf\">7. GODI\u0160NJI IZVE\u0160TAJ ZA 2017. GODINU (19 MB)<\/a><\/span><br \/>\n<span style=\"color: #000000;\"><a style=\"color: #000000;\" href=\"https:\/\/djokic-ntk.rs\/pdf\/Godisnji_izvestaj_o_poslovanju_za_2018-3.pdf\">8. GODI\u0160NJI IZVE\u0160TAJ ZA 2018. GODINU (22 MB)<\/a><\/span><br \/>\n<span style=\"color: #000000;\"><a style=\"color: #000000;\" href=\"https:\/\/djokic-ntk.rs\/pdf\/GODISNJI_IZVESTAJ_2019.pdf\">9. GODI\u0160NJI IZVE\u0160TAJ ZA 2019. GODINU (4 MB)<\/a><\/span><br \/>\n<span style=\"color: #000000;\"><a style=\"color: #000000;\" href=\"https:\/\/djokic-ntk.rs\/pdf\/Godisnji_izvestaj_za_2020_godinu.pdf\">10. GODI\u0160NJI IZVE\u0160TAJ ZA 2020. GODINU (47 MB)<\/a><\/span><br \/>\n<span style=\"color: #000000;\"><a style=\"color: #000000;\" href=\"https:\/\/djokic-ntk.rs\/pdf\/godisnji_izvestaj_o_poslovanju_za_2021.pdf\">11. GODI\u0160NJI IZVE\u0160TAJ ZA 2021. GODINU (9 MB)<\/a><\/span><br \/>\n<span style=\"color: #000000;\"><a style=\"color: #000000;\" href=\"https:\/\/djokic-ntk.rs\/pdf\/12_Godisnji_izvestaj_za_2022_godinu.pdf\">12. GODI\u0160NJI IZVE\u0160TAJ ZA 2022. GODINU (18 MB)<\/a><\/span><br \/>\n<span style=\"color: #000000;\"><a style=\"color: #000000;\" href=\"https:\/\/djokic-ntk.rs\/pdf\/13_Polugodisnji_izvestaj_za_2023_godinu.pdf\">13. POLUGODI\u0160NJI IZVE\u0160TAJ ZA 2023. GODINU (8 MB)<\/a><\/span><br \/>\n<span style=\"color: #000000;\"><a style=\"color: #000000;\" href=\"https:\/\/djokic-ntk.rs\/pdf\/14_Godisnji_izvestaj_za_2023_godinu.pdf\">14. GODI\u0160NJI IZVE\u0160TAJ ZA 2023. GODINU (15 MB)<\/a><\/span><br \/>\n<span style=\"color: #000000;\"><a style=\"color: #000000;\" href=\"https:\/\/djokic-ntk.rs\/pdf\/Polugodi\u0161nji_izve\u0161taj_za_2024_godinu.pdf\">15. POLUGODI\u0160NJI IZVE\u0160TAJ ZA 2024. GODINU (3 MB)<\/a><\/span><br \/>\n<span style=\"color: #000000;\"><a style=\"color: #000000;\" href=\"https:\/\/djokic-ntk.rs\/pdf\/Godi\u0161nji izve\u0161taj za 2024_2.pdf\">16. GODI\u0160NJI IZVE\u0160TAJ ZA 2024. GODINU (18 MB)<\/a><\/span><br \/>\n<span style=\"color: #000000;\"><a style=\"color: #000000;\" href=\"https:\/\/djokic-ntk.rs\/pdf\/Polugodi\u0161nji_izve\u0161taj_za_2025_godinu.pdf\">17. POLUGODI\u0160NJI IZVE\u0160TAJ ZA 2025. GODINU (15 MB)<\/a><\/span><\/p>\n<hr>\n<\/hr>\n","protected":false},"excerpt":{"rendered":"<p>Godi\u0161nji izve\u0161taji &#8220;\u0110oki\u0107-NTK&#8221; AD &nbsp; &nbsp; Godi\u0161nji dokument o objavljenim informacijama &nbsp; 1. GODI\u0160NJI DOKUMENT O OBJAVLJENIM INFORMACIJAMA ZA 2016. (2.5 MB) 2. GODI\u0160NJI DOKUMENT O OBJAVLJENIM INFORMACIJAMA ZA 2017. (500 KB) 3. GODI\u0160NJI DOKUMENT O OBJAVLJENIM INFORMACIJAMA ZA 2018. (870 KB) 4. GODI\u0160NJI DOKUMENT O OBJAVLJENIM INFORMACIJAMA ZA 2019. (3 MB) 5. GODI\u0160NJI DOKUMENT [&hellip;]<\/p>\n","protected":false},"author":1,"featured_media":0,"parent":0,"menu_order":0,"comment_status":"closed","ping_status":"closed","template":"","meta":{"_et_pb_use_builder":"","_et_pb_old_content":"","_et_gb_content_width":"","footnotes":""},"class_list":["post-476","page","type-page","status-publish","hentry"],"_links":{"self":[{"href":"https:\/\/djokic-ntk.rs\/index.php\/wp-json\/wp\/v2\/pages\/476","targetHints":{"allow":["GET"]}}],"collection":[{"href":"https:\/\/djokic-ntk.rs\/index.php\/wp-json\/wp\/v2\/pages"}],"about":[{"href":"https:\/\/djokic-ntk.rs\/index.php\/wp-json\/wp\/v2\/types\/page"}],"author":[{"embeddable":true,"href":"https:\/\/djokic-ntk.rs\/index.php\/wp-json\/wp\/v2\/users\/1"}],"replies":[{"embeddable":true,"href":"https:\/\/djokic-ntk.rs\/index.php\/wp-json\/wp\/v2\/comments?post=476"}],"version-history":[{"count":31,"href":"https:\/\/djokic-ntk.rs\/index.php\/wp-json\/wp\/v2\/pages\/476\/revisions"}],"predecessor-version":[{"id":731,"href":"https:\/\/djokic-ntk.rs\/index.php\/wp-json\/wp\/v2\/pages\/476\/revisions\/731"}],"wp:attachment":[{"href":"https:\/\/djokic-ntk.rs\/index.php\/wp-json\/wp\/v2\/media?parent=476"}],"curies":[{"name":"wp","href":"https:\/\/api.w.org\/{rel}","templated":true}]}}